{"id":886,"date":"2020-06-27T08:57:44","date_gmt":"2020-06-27T11:57:44","guid":{"rendered":"http:\/\/www.irpfbolsa.com.br\/novo\/?page_id=886"},"modified":"2022-09-01T16:12:09","modified_gmt":"2022-09-01T19:12:09","slug":"contratar-servico-apuracao-irpf-bolsa","status":"publish","type":"page","link":"https:\/\/www.irpfbolsa.com.br\/novo\/contratar-servico-apuracao-irpf-bolsa\/","title":{"rendered":"Contratar servi\u00e7o de apurac\u00e3o"},"content":{"rendered":"\t\t<div data-elementor-type=\"wp-page\" data-elementor-id=\"886\" class=\"elementor elementor-886\" data-elementor-post-type=\"page\">\n\t\t\t\t\t\t<section class=\"elementor-section elementor-top-section elementor-element elementor-element-a48d6d2 elementor-section-boxed elementor-section-height-default elementor-section-height-default\" data-id=\"a48d6d2\" data-element_type=\"section\">\n\t\t\t\t\t\t<div class=\"elementor-container elementor-column-gap-default\">\n\t\t\t\t\t<div class=\"elementor-column elementor-col-100 elementor-top-column elementor-element elementor-element-ec4c260\" data-id=\"ec4c260\" data-element_type=\"column\">\n\t\t\t<div class=\"elementor-widget-wrap elementor-element-populated\">\n\t\t\t\t\t\t<div class=\"elementor-element elementor-element-41360de elementor-widget elementor-widget-heading\" data-id=\"41360de\" data-element_type=\"widget\" data-widget_type=\"heading.default\">\n\t\t\t\t<div class=\"elementor-widget-container\">\n\t\t\t\t\t<h2 class=\"elementor-heading-title elementor-size-medium\">CONTRATAR SERVI\u00c7O DE APURA\u00c7\u00c3O<\/h2>\t\t\t\t<\/div>\n\t\t\t\t<\/div>\n\t\t\t\t<div class=\"elementor-element elementor-element-f68cf99 elementor-widget elementor-widget-text-editor\" data-id=\"f68cf99\" data-element_type=\"widget\" data-widget_type=\"text-editor.default\">\n\t\t\t\t<div class=\"elementor-widget-container\">\n\t\t\t\t\t\t\t\t\t<p>Ideal para quem n\u00e3o tem tempo e n\u00e3o quer se preocupar com nada! Deixe tudo com a gente!\u00a0<span style=\"font-size: 15px;\">Fazemos todo o trabalho pra voc\u00ea. Envie suas notas de corretagem e devolveremos seus DARFs e resultados.<\/span><\/p>\t\t\t\t\t\t\t\t<\/div>\n\t\t\t\t<\/div>\n\t\t\t\t<div class=\"elementor-element elementor-element-da59d01 elementor-widget elementor-widget-text-editor\" data-id=\"da59d01\" data-element_type=\"widget\" data-widget_type=\"text-editor.default\">\n\t\t\t\t<div class=\"elementor-widget-container\">\n\t\t\t\t\t\t\t\t\tServi\u00e7o de apura\u00e7\u00e3o de resultado mensal e c\u00e1lculo do imposto de renda sobre opera\u00e7\u00f5es na Bolsa de Valores (Renda var\u00edavel).\n\t\t\t\t\t\t\t\t<\/div>\n\t\t\t\t<\/div>\n\t\t\t\t\t<\/div>\n\t\t<\/div>\n\t\t\t\t\t<\/div>\n\t\t<\/section>\n\t\t\t\t<section class=\"elementor-section elementor-top-section elementor-element elementor-element-ead62e8 elementor-section-boxed elementor-section-height-default elementor-section-height-default\" data-id=\"ead62e8\" data-element_type=\"section\">\n\t\t\t\t\t\t<div class=\"elementor-container elementor-column-gap-default\">\n\t\t\t\t\t<div class=\"elementor-column elementor-col-100 elementor-top-column elementor-element elementor-element-21c2ad8\" data-id=\"21c2ad8\" data-element_type=\"column\">\n\t\t\t<div class=\"elementor-widget-wrap elementor-element-populated\">\n\t\t\t\t\t\t<div class=\"elementor-element elementor-element-f2f66f7 elementor-widget elementor-widget-html\" data-id=\"f2f66f7\" data-element_type=\"widget\" data-widget_type=\"html.default\">\n\t\t\t\t<div class=\"elementor-widget-container\">\n\t\t\t\t\t\r\n<script type=\"text\/javascript\">\r\n\r\n\r\n\/************ funcoes da pagina contratar servico apuracao **************\/\r\n\r\nfunction exibirTotal(){\r\n\tvar precoMensal = document.getElementById('item_valor_1').value \/ 100;\r\n\tvar qtMeses = document.getElementById('qtMeses').value;\r\n\t\r\n\tif (qtMeses<3){\r\n\t\talert(\"A contrata\u00e7\u00e3o m\u00ednima deve ser de 3 meses.\");\r\n\t\treturn false;\r\n\t}else{\r\n\r\n\t\t\tdocument.getElementById('totalContratado').innerHTML = \r\n\t\t\t  'TOTAL: ' + qtMeses + ' MESES x ' + precoMensal + ' = R$ ' + qtMeses * precoMensal;\r\n\t}\r\n\r\n}\r\n\r\n\r\nfunction validar(){\r\n\t\t\r\n\tif ( ! document.getElementById(\"chkConcordarContrato\").checked){\r\n\t  alert(\"Voc\u00ea precisa concordar com os termos do servi\u00e7o para prosseguir com a compra.\");\r\n\t  \/\/document.getElementById(\"divConcordarContrato\").style.setProperty(\"color: red;\");\r\n\t  document.getElementById(\"divConcordarContrato\").style.color = \"red\"; \r\n\t  document.getElementById(\"divConcordarContrato\").class = \"blinking\"; \r\n\t  \r\n\t  return false;\r\n\t}\r\n\t\r\n\t\/\/se tiver preenchido o parceiro todos os elementos ref_transacao da compra recebe o dado do parceiro\r\n\tvar qtMeses = document.getElementById(\"qtMeses\").value;\r\n\r\n\tpatt=\/^\\d+$\/;\r\n\tif(patt.test(qtMeses)){\r\n\t\r\n\t\/\/ VALIDAR COMPRA MINIMA \/\/\r\n\t\r\n\tif (document.getElementById('qtMeses').value < 3){\r\n\t\talert(\"Somente compras acima de 3 meses podem ser efetivadas.\");\r\n\t\treturn false;\r\n\t}\r\n\r\n\t\t\/\/document.getElementById(\"item_quant_1\").value = qtMeses;\r\n\t\t\/\/document.getElementById(\"item_valor_1\").value = qtMeses * 25 * 100;\r\n\t\t\/\/vs 28-6-22\r\n\t\t\/\/document.getElementById(\"formPagSeguro\").submit();\r\n\t\t\/\/alert(\"https:\/\/www.irpfbolsa.com.br\/novo\/finalizar-compra\/?add-to-cart=1682&quantity=\" + qtMeses);\r\n\t\twindow.location.href = \"https:\/\/www.irpfbolsa.com.br\/novo\/finalizar-compra\/?add-to-cart=1682&quantity=\" + qtMeses;\r\n\t\t\r\n\t}else{\r\n\t\talert(\"Quantidade de meses inv\u00e1lida: \" + qtMeses + \". Preencha com um n\u00famero.\");\r\n\t}\r\n}\r\n\r\nfunction validarContratacaoAnual(){\r\n\t\t\r\n\tif ( ! document.getElementById(\"chkConcordarContrato\").checked){\r\n\t  alert(\"Voc\u00ea precisa concordar com os termos do servi\u00e7o para prosseguir com a compra.\");\r\n\t  \/\/document.getElementById(\"divConcordarContrato\").style.setProperty(\"color: red;\");\r\n\t  document.getElementById(\"divConcordarContrato\").style.color = \"red\"; \r\n\t  document.getElementById(\"divConcordarContrato\").class = \"blinking\"; \r\n\t  \r\n\t  return false;\r\n\t}else{\r\n\t\twindow.location.href = \"https:\/\/www.irpfbolsa.com.br\/novo\/finalizar-compra\/?add-to-cart=1796\";\r\n\t\t\/\/document.getElementById(\"formPagSeguroContratacaoAnual\").submit();\r\n\t}\r\n}\r\n\t\r\n<\/script>\r\n\r\n\t\t\r\n\t\t<textarea readonly rows=\"15\" align='center' style='font-size:10.0pt;font-family:\"Times New Roman\",serif;\r\ncolor:black; width: 100%'>\r\n\r\nCONTRATO DE PRESTA\u00c7\u00c3O DE SERVI\u00c7O\r\n==================================\r\n\r\nSERVI\u00c7O DE APURA\u00c7\u00c3O DE IMPOSTO DE RENDA VAR\u00cdAVEL SOBRE OPERA\u00c7\u00d5ES NA BOLSA DE VALORES.\r\n\r\nI. POSI\u00c7\u00c3O INICIAL PARA APURA\u00c7\u00c3O \r\n================================\r\n\u00c9 imprescind\u00edvel que o cliente nos informe sua posi\u00e7\u00e3o inicial (ativos em cust\u00f3dia e respectivos pre\u00e7os m\u00e9dios de aquisi\u00e7\u00e3o) para apura\u00e7\u00e3o precisa dos resultados.\r\nSe o cliente n\u00e3o conhece sua posi\u00e7\u00e3o inicial ent\u00e3o deve enviar todas as suas notas de corretagem desde sua primeira opera\u00e7\u00e3o na bolsa. \r\nSomente assim o IRPFbolsa conseguir\u00e1 compor a posi\u00e7\u00e3o inicial da apura\u00e7\u00e3o determinando o pre\u00e7o m\u00e9dio de aquisi\u00e7\u00e3o de cada ativo de forma precisa. \r\nSem a correta informa\u00e7\u00e3o da posi\u00e7\u00e3o inicial a apura\u00e7\u00e3o restar\u00e1 COMPROMETIDA.\r\n\r\nII. RESPONSABILIDADE DO CONTRATANTE\r\n====================================\r\n\r\n- \u00c9 imprescind\u00edvel que TODAS as informa\u00e7\u00f5es solicitadas nos sejam enviadas para que a apura\u00e7\u00e3o de resultados seja precisa.\r\n\r\n- \u00c9 de exclusiva responsabilidade do cliente o envio e garantia de que TODAS as informa\u00e7\u00f5es solicitadas sejam enviadas tempestivamente. \r\n\r\n- A omiss\u00e3o ou aus\u00eancia de qualquer informa\u00e7\u00e3o solicitada poder\u00e1 acarretar em apura\u00e7\u00e3o INCOMPLETA, IMPRECISA OU ERRADA dos resultados.\r\n\r\n\r\nIII \u2013 SIGILO E CONFIDENCIALIDADE\r\n===============================\r\n\r\n- O IRPFbolsa se obriga, nos termos da Lei Geral de Prote\u00e7\u00e3o de Dados Pessoais (Lei n\u00b0 13.709\/2018), a manter o devido sigilo sobre todos os dados e informa\u00e7\u00f5es do USU\u00c1RIO a que porventura tenha acesso.\r\n\r\n-  Sendo o IRPFbolsa uma aplica\u00e7\u00e3o local, os resultados mensais apurados, os c\u00e1lculos, bem como todos os demais dados inseridos no aplicativo n\u00e3o trafegam pela internet, ficando gravados dentro do arquivo do USU\u00c1RIO, salvo no computador por ele utilizado.\r\n\r\n - A pol\u00edtica de privacidade aqui referida se aplica aos dados e informa\u00e7\u00f5es contidos no software IRPFbolsa.\r\n\r\n- Para compreender como o IRPFbolsa trata informa\u00e7\u00f5es e dados privados de forma detalhada, recomenda-se a leitura da Pol\u00edtica de Privacidade, dispon\u00edvel em https:\/\/www.irpfbolsa.com.br\/novo\/politica-de-privacidade\/\r\n\r\n \r\n\r\n\r\nV. ISEN\u00c7\u00c3O DE RESPONSABILIDADE DA CONTRATADA\r\n==============================================\r\nDADAS AS IN\u00daMERAS VARI\u00c1VEIS ENVOLVIDAS NA APURA\u00c7\u00c3O DE RESULTADOS TAIS COMO OMISS\u00c3O DE INFORMA\u00c7\u00d5ES PELO CONTRATANTE (OPERA\u00c7\u00d5ES REALIZADAS, SUBSCRI\u00c7\u00d5ES, ALUGUEIS, ADES\u00c3O A FUS\u00d5ES, CIS\u00d5ES E\/OU INCORPORA\u00c7\u00d5ES OPCIONAIS), MODIFICA\u00c7\u00d5ES E\/OU FALHAS DE INTERPRETA\u00c7\u00c3O DA LEGISLA\u00c7\u00c3O, ATUALIZA\u00c7\u00c3O INTEMPESTIVA DE EVENTOS CORPORTATIVOS, BUGS EM SOFTWARES UTILIZADOS NA APURA\u00c7\u00c3O E INTERVEN\u00c7\u00c3O HUMANA NO PROCESSO, DENTRE OUTROS FEN\u00d4MENOS DESCONHECIDOS, S\u00c3O POSS\u00cdVEIS, EMBORA N\u00c3O ESPERADOS, EVENTUAIS ERROS NA APURA\u00c7\u00c3O DE RESULTADOS. OU SEJA, O SERVI\u00c7O PRESTADO, MESMO COM O MELHOR EMPENHO, BOA F\u00c9 E COMPROMETIMENTO ASSUMIDO PELA CONTRATADA, N\u00c3O \u00c9 INFAL\u00cdVEL, SEJA POR CONTA DA OMISS\u00c3O DE INFORMA\u00c7\u00d5ES POR PARTE DO CONTRATANTE, SEJA POR FALHAS HUMANAS E OU DE PROCESSAMENTO POR PARTE DOS OPERADORES DO IRPFBOLSA. DIANTE DESSES ERROS, A CONTRATADA N\u00c3O PODER\u00c1 SER RESPOSABILIZADA POR NENHUMA PERDA OU DANO ASSOCIADO, FICANDO DESDE J\u00c1 O CONTRATANTE CIENTE DESTE FATO. \r\n\r\nVI. PRAZO DE ENTREGA DO SERVI\u00c7O\r\n===============================\r\nA entrega ocorrer\u00e1 at\u00e9 o \u00faltimo dia \u00fatil do m\u00eas de vencimento do \u00faltimo DARF apurado, desde que, todos os documentos solicitados ao contratante sejam entregues com anteced\u00eancia m\u00ednima de 7 (sete) dias \u00fateis daquela data.\r\n\r\nVII. CUSTOS ADICIONAIS\r\n=====================\r\n\r\n- Se a quantidade de opera\u00e7\u00f5es dos meses anteriores aos da contrata\u00e7\u00e3o for maior do que 50 (cinquenta) e\/ou exceder a 1 (um) ano, a contratada n\u00e3o se obriga a apurar a posi\u00e7\u00e3o inicial do cliente. Neste caso o cliente negociar\u00e1 com a contratada o custo adicional na determina\u00e7\u00e3o da sua posi\u00e7\u00e3o inicial. \r\n- Se a quantidade de opera\u00e7\u00f5es exceder a mil e\/ou ensejar a computa\u00e7\u00e3o separada de dados por per\u00edodo, o cliente negociar\u00e1 com a contratada custo adicional de apura\u00e7\u00e3o excedente.\r\n\r\n\r\nVIII. NULIDADES E FORO\r\n=====================\r\n- A nulidade de qualquer uma das cl\u00e1usulas deste TERMO n\u00e3o implicar\u00e1 na nulidade das demais.\r\n\r\n- Fica eleito o foro de Recife, Pernambuco, para dirimir as eventuais d\u00favidas oriundas do presente instrumento, renunciando-se a qualquer outro por mais privilegiado que seja.\r\n\r\n\t\t<\/textarea>\r\n\r\n<div id=\"divConcordarContrato\"><p><b><input id=\"chkConcordarContrato\" value=\"Sim\" type=\"checkbox\">Concordo  com os termos do servi\u00e7o.<\/b><\/div>\t\t\r\n\r\n\r\n\r\n\r\n<h2>Contrate trimestralmente ao custo de R$ 55,00 por m\u00eas ou anualmente com desconto de 20%!<\/h2>\r\n\r\n<h2>A. Contrata\u00e7\u00e3o trimestral<\/h2>\r\n\r\n<h3>Informe quantos meses voc\u00ea deseja apurar: \r\n\r\n\t<input type=\"text\" id=\"qtMeses\" size=\"2\" onkeypress='return event.charCode >= 48 && event.charCode <= 57'>\r\n\t<input type=\"hidden\" id=\"item_valor_1\" name=\"item_valor_1\" value=\"5500\">\r\n\t<!-- exibir total do servico -->\r\n\t<input type=\"button\" value=\"confirmar\" onclick=\"exibirTotal()\">\r\n<\/h3>\r\n\r\n<p id=\"totalContratado\" style=\"font-weight: bold\">TOTAL: R$ 0,00<\/p>\r\n\r\n<input type=\"button\" value=\"Comprar\" onclick=\"validar()\">\r\n\r\n<p style=\"margin-bottom:1cm;\"> <\/p>\r\n<hr>\r\n<p style=\"margin-bottom:1cm;\"> <\/p>\r\n\r\n\r\n<h2>B. Contrata\u00e7\u00e3o anual com 20% de desconto<\/h2>\r\n\r\n<input type=\"button\" value=\"Comprar\" onclick=\"validarContratacaoAnual()\">\r\n\t\t\t\t\t\t\t\t\t\t\t\r\n\t\t\t\t\t\t\r\n\t\t\t\t\t\t\t\t\t\t<\/div>\n\t\t\t\t<\/div>\n\t\t\t\t<div class=\"elementor-element elementor-element-e25cae5 elementor-alert-info elementor-widget elementor-widget-alert\" data-id=\"e25cae5\" data-element_type=\"widget\" data-widget_type=\"alert.default\">\n\t\t\t\t<div class=\"elementor-widget-container\">\n\t\t\t\t\t\t\t<div class=\"elementor-alert\" role=\"alert\">\n\n\t\t\t\t\t\t<span class=\"elementor-alert-title\">Informa\u00e7\u00e3o<\/span>\n\t\t\t\n\t\t\t\t\t\t<span class=\"elementor-alert-description\">Ap\u00f3s o pagamento voc\u00ea receber\u00e1 um email sobre como proceder. Basicamente, precisar\u00e1 enviar todas as suas notas de corretagem do per\u00edodo que pretende apurar e sua posi\u00e7\u00e3o inicial anterior, caso exista.<\/span>\n\t\t\t\n\t\t\t\t\t\t<button type=\"button\" class=\"elementor-alert-dismiss\" aria-label=\"Dispensar este alerta.\">\n\t\t\t\t\t\t\t\t\t<span aria-hidden=\"true\">&times;<\/span>\n\t\t\t\t\t\t\t<\/button>\n\t\t\t\n\t\t<\/div>\n\t\t\t\t\t\t<\/div>\n\t\t\t\t<\/div>\n\t\t\t\t\t<\/div>\n\t\t<\/div>\n\t\t\t\t\t<\/div>\n\t\t<\/section>\n\t\t\t\t<section class=\"elementor-section elementor-top-section elementor-element elementor-element-2f5237c elementor-section-boxed elementor-section-height-default elementor-section-height-default\" data-id=\"2f5237c\" data-element_type=\"section\">\n\t\t\t\t\t\t<div class=\"elementor-container elementor-column-gap-default\">\n\t\t\t\t\t<div class=\"elementor-column elementor-col-100 elementor-top-column elementor-element elementor-element-a4fffa4\" data-id=\"a4fffa4\" data-element_type=\"column\">\n\t\t\t<div class=\"elementor-widget-wrap elementor-element-populated\">\n\t\t\t\t\t\t<div class=\"elementor-element elementor-element-0313bd1 elementor-alert-warning elementor-widget elementor-widget-alert\" data-id=\"0313bd1\" data-element_type=\"widget\" data-widget_type=\"alert.default\">\n\t\t\t\t<div class=\"elementor-widget-container\">\n\t\t\t\t\t\t\t<div class=\"elementor-alert\" role=\"alert\">\n\n\t\t\t\t\t\t<span class=\"elementor-alert-title\">Prazo de entrega<\/span>\n\t\t\t\n\t\t\t\t\t\t<span class=\"elementor-alert-description\">\u00c9 necess\u00e1rio o envio de todos os documentos solicitados com anteced\u00eancia m\u00ednima de 7 (sete) dias \u00fateis do final do m\u00eas a ser apurado. Caso contr\u00e1rio N\u00c3O garantimos a entrega do servi\u00e7o em tempo \u00fatil para pagamento do DARF sem multa\/juros. Observe este prazo ANTES DA CONTRATA\u00c7\u00c3O.<\/span>\n\t\t\t\n\t\t\t\n\t\t<\/div>\n\t\t\t\t\t\t<\/div>\n\t\t\t\t<\/div>\n\t\t\t\t\t<\/div>\n\t\t<\/div>\n\t\t\t\t\t<\/div>\n\t\t<\/section>\n\t\t\t\t<\/div>\n\t\t","protected":false},"excerpt":{"rendered":"<p>CONTRATAR SERVI\u00c7O DE APURA\u00c7\u00c3O Ideal para quem n\u00e3o tem tempo e n\u00e3o quer se preocupar com nada! Deixe tudo com a gente!\u00a0Fazemos todo o trabalho pra voc\u00ea. Envie suas notas de corretagem e devolveremos seus DARFs e resultados. Servi\u00e7o de apura\u00e7\u00e3o de resultado mensal e c\u00e1lculo do imposto de renda sobre opera\u00e7\u00f5es na Bolsa de [&hellip;]<\/p>\n","protected":false},"author":2,"featured_media":0,"parent":0,"menu_order":0,"comment_status":"closed","ping_status":"closed","template":"","meta":{"ocean_post_layout":"","ocean_both_sidebars_style":"","ocean_both_sidebars_content_width":0,"ocean_both_sidebars_sidebars_width":0,"ocean_sidebar":"0","ocean_second_sidebar":"0","ocean_disable_margins":"enable","ocean_add_body_class":"","ocean_shortcode_before_top_bar":"","ocean_shortcode_after_top_bar":"","ocean_shortcode_before_header":"","ocean_shortcode_after_header":"","ocean_has_shortcode":"","ocean_shortcode_after_title":"","ocean_shortcode_before_footer_widgets":"","ocean_shortcode_after_footer_widgets":"","ocean_shortcode_before_footer_bottom":"","ocean_shortcode_after_footer_bottom":"","ocean_display_top_bar":"default","ocean_display_header":"default","ocean_header_style":"","ocean_center_header_left_menu":"0","ocean_custom_header_template":"0","ocean_custom_logo":0,"ocean_custom_retina_logo":0,"ocean_custom_logo_max_width":0,"ocean_custom_logo_tablet_max_width":0,"ocean_custom_logo_mobile_max_width":0,"ocean_custom_logo_max_height":0,"ocean_custom_logo_tablet_max_height":0,"ocean_custom_logo_mobile_max_height":0,"ocean_header_custom_menu":"0","ocean_menu_typo_font_family":"0","ocean_menu_typo_font_subset":"","ocean_menu_typo_font_size":0,"ocean_menu_typo_font_size_tablet":0,"ocean_menu_typo_font_size_mobile":0,"ocean_menu_typo_font_size_unit":"px","ocean_menu_typo_font_weight":"","ocean_menu_typo_font_weight_tablet":"","ocean_menu_typo_font_weight_mobile":"","ocean_menu_typo_transform":"","ocean_menu_typo_transform_tablet":"","ocean_menu_typo_transform_mobile":"","ocean_menu_typo_line_height":0,"ocean_menu_typo_line_height_tablet":0,"ocean_menu_typo_line_height_mobile":0,"ocean_menu_typo_line_height_unit":"","ocean_menu_typo_spacing":0,"ocean_menu_typo_spacing_tablet":0,"ocean_menu_typo_spacing_mobile":0,"ocean_menu_typo_spacing_unit":"","ocean_menu_link_color":"","ocean_menu_link_color_hover":"","ocean_menu_link_color_active":"","ocean_menu_link_background":"","ocean_menu_link_hover_background":"","ocean_menu_link_active_background":"","ocean_menu_social_links_bg":"","ocean_menu_social_hover_links_bg":"","ocean_menu_social_links_color":"","ocean_menu_social_hover_links_color":"","ocean_disable_title":"default","ocean_disable_heading":"default","ocean_post_title":"","ocean_post_subheading":"","ocean_post_title_style":"","ocean_post_title_background_color":"","ocean_post_title_background":0,"ocean_post_title_bg_image_position":"","ocean_post_title_bg_image_attachment":"","ocean_post_title_bg_image_repeat":"","ocean_post_title_bg_image_size":"","ocean_post_title_height":0,"ocean_post_title_bg_overlay":0.5,"ocean_post_title_bg_overlay_color":"","ocean_disable_breadcrumbs":"default","ocean_breadcrumbs_color":"","ocean_breadcrumbs_separator_color":"","ocean_breadcrumbs_links_color":"","ocean_breadcrumbs_links_hover_color":"","ocean_display_footer_widgets":"default","ocean_display_footer_bottom":"default","ocean_custom_footer_template":"0","footnotes":""},"class_list":["post-886","page","type-page","status-publish","hentry","entry","owp-thumbs-layout-horizontal","owp-btn-normal","owp-tabs-layout-horizontal","has-no-thumbnails","has-product-nav"],"_links":{"self":[{"href":"https:\/\/www.irpfbolsa.com.br\/novo\/wp-json\/wp\/v2\/pages\/886","targetHints":{"allow":["GET"]}}],"collection":[{"href":"https:\/\/www.irpfbolsa.com.br\/novo\/wp-json\/wp\/v2\/pages"}],"about":[{"href":"https:\/\/www.irpfbolsa.com.br\/novo\/wp-json\/wp\/v2\/types\/page"}],"author":[{"embeddable":true,"href":"https:\/\/www.irpfbolsa.com.br\/novo\/wp-json\/wp\/v2\/users\/2"}],"replies":[{"embeddable":true,"href":"https:\/\/www.irpfbolsa.com.br\/novo\/wp-json\/wp\/v2\/comments?post=886"}],"version-history":[{"count":0,"href":"https:\/\/www.irpfbolsa.com.br\/novo\/wp-json\/wp\/v2\/pages\/886\/revisions"}],"wp:attachment":[{"href":"https:\/\/www.irpfbolsa.com.br\/novo\/wp-json\/wp\/v2\/media?parent=886"}],"curies":[{"name":"wp","href":"https:\/\/api.w.org\/{rel}","templated":true}]}}