{"id":3,"date":"2019-02-12T16:04:01","date_gmt":"2019-02-12T18:04:01","guid":{"rendered":"http:\/\/www.irpfbolsa.com.br\/novo\/?page_id=3"},"modified":"2021-10-20T18:35:29","modified_gmt":"2021-10-20T21:35:29","slug":"politica-de-privacidade","status":"publish","type":"page","link":"https:\/\/www.irpfbolsa.com.br\/novo\/politica-de-privacidade\/","title":{"rendered":"Pol\u00edtica de privacidade"},"content":{"rendered":"\t\t<div data-elementor-type=\"wp-page\" data-elementor-id=\"3\" class=\"elementor elementor-3\" data-elementor-post-type=\"page\">\n\t\t\t\t<section class=\"elementor-section elementor-top-section elementor-element elementor-element-77de862b elementor-section-boxed elementor-section-height-default elementor-section-height-default\" data-id=\"77de862b\" data-element_type=\"section\">\n\t\t\t\t\t\t<div class=\"elementor-container elementor-column-gap-default\">\n\t\t\t\t\t<div class=\"elementor-column elementor-col-100 elementor-top-column elementor-element elementor-element-49bb2eb7\" data-id=\"49bb2eb7\" data-element_type=\"column\">\n\t\t\t<div class=\"elementor-widget-wrap elementor-element-populated\">\n\t\t\t\t\t\t<div class=\"elementor-element elementor-element-375f0d3 elementor-widget elementor-widget-text-editor\" data-id=\"375f0d3\" data-element_type=\"widget\" data-widget_type=\"text-editor.default\">\n\t\t\t\t<div class=\"elementor-widget-container\">\n\t\t\t\t\t\t\t\t\t<p><\/p>\n<h2 class=\"wp-block-heading\">Quem somos<\/h2>\n<p><\/p>\n<p><\/p>\n<p>IRPFbolsa &#8211; Gerenciamento de Carteiras e Imposto de Renda Sobra Opera\u00e7\u00f5es na Bolsa.<\/p><p>Estamos no mercado h\u00e1 mais de uma d\u00e9cada com milhares de usu\u00e1rios satisfeitos. Nosso prop\u00f3sito \u00e9 ajudar os investidores brasileiros a gerenciar seus investimentos e recolher os devidos impostos legais sobre ganhos advindos de tais opera\u00e7\u00f5es.&nbsp;<\/p>\n<div class=\"elementor-element elementor-element-06986b9 elementor-widget elementor-widget-heading\" data-id=\"06986b9\" data-element_type=\"widget\" data-widget_type=\"heading.default\">\n<div class=\"elementor-widget-container\">Nossa miss\u00e3o \u00e9 fornecer servi\u00e7os e ferramentas de excel\u00eancia que simplifiquem a vida dos usu\u00e1rios finais. Nossos valores se pautam em excel\u00eancia, \u00e9tica, usabilidade, responsabilidade, boa f\u00e9, boa vontade e foco total no usu\u00e1rio.<\/div>\n<\/div>\n<p>O endere\u00e7o do nosso site \u00e9: https:\/\/www.irpfbolsa.com.br\/novo.<\/p>\n<p><\/p>\n<p><\/p>\n<h2 class=\"wp-block-heading\">Considera\u00e7\u00f5es Gerais<\/h2>\n<p>Todas as informa\u00e7\u00f5es de usu\u00e1rios s\u00e3o tratadas de acordo com as leis e regulamenta\u00e7\u00f5es de prote\u00e7\u00e3o de dados aplic\u00e1veis.&nbsp;<\/p>\n<p>Respeitamos a privacidade de todos os titulares de dados pessoais, estando, desta forma, comprometidos a tomar todas as medidas poss\u00edveis para assegurar de maneira correta a prote\u00e7\u00e3o dos dados pessoais coletados.<\/p>\n<p>Procedimentos t\u00e9cnicos e organizacionais est\u00e3o em vigor para garantir que a sua informa\u00e7\u00e3o esteja sempre segura. Como parte destes procedimentos, regularmente treinamos e conscientizamos todos os nossos colaboradores sobre a import\u00e2ncia da manuten\u00e7\u00e3o, salvaguarda e respeito da sua informa\u00e7\u00e3o pessoal e consideramos a viola\u00e7\u00e3o da privacidade dos dados pessoais algo muito s\u00e9rio, por isso monitoramos constantemente e prevemos medidas disciplinares apropriadas para eventuais descumprimentos.<\/p>\n<h2>Quais dados pessoais coletamos<\/h2>\n<p><\/p>\n<p><\/p>\n<p><\/p>\n<p><\/p>\n<p>Coletamos dados pessoais das transa\u00e7\u00f5es de compra, dados para contato pessoal, coment\u00e1rios de formul\u00e1rio de contato, atividades do usu\u00e1rio que correspondem \u00e0 quantidade de licen\u00e7as compradas, data de validade vigente e vencida, erros gerados pelo sistema e logs de utiliza\u00e7\u00e3o que n\u00e3o incluem nenhum dado sobre investimentos pessoais dos usu\u00e1rios.<\/p>\n<h2>Por que coletamos dados pessoais<\/h2>\n<h3>Para cria\u00e7\u00e3o da conta em nossa plataforma<\/h3>\n<p>Necessitamos verificar a sua identidade de forma a valid\u00e1-lo como cliente, e isso pode incluir verifica\u00e7\u00f5es de cr\u00e9dito ou identidade por entidades terceiras. O uso da sua informa\u00e7\u00e3o pessoal \u00e9 necess\u00e1rio para identificarmos quem \u00e9 voc\u00ea, j\u00e1 que temos a obriga\u00e7\u00e3o legal de estar em concord\u00e2ncia com o &#8220;Know your costumer &#8211; Conhe\u00e7a o<br>seu Cliente&#8221; e com as demais obriga\u00e7\u00f5es regulamentares.<\/p>\n<h3>Para execu\u00e7\u00e3o dos servi\u00e7os contratados<\/h3>\n<p>Ap\u00f3s abertura de conta em nossa plataforma, ser\u00e1 necess\u00e1rio utilizar os seus dados pessoais para desempenhar os nossos servi\u00e7os e cumprir com as nossas obriga\u00e7\u00f5es. Utilizaremos as informa\u00e7\u00f5es para executar o processamento de dados e&nbsp; compra de licen\u00e7as de acordo com o que for solicitado e com base no relacionamento contratual com nossos clientes, cumprindo assim com as nossas obriga\u00e7\u00f5es contratuais.<\/p>\n<h3>Para cumprimento de obriga\u00e7\u00e3o legal<\/h3>\n<div>Existem v\u00e1rias autoridades supervisoras a cujas leis e regulamenta\u00e7\u00f5es estamos sujeitos. Tais obriga\u00e7\u00f5es e normas obrigam-nos a executar atividades de processamento de dados pessoais para verifica\u00e7\u00f5es de cr\u00e9dito, verifica\u00e7\u00e3o de identidade, cumprimento de ordens judiciais, leis tribut\u00e1rias e outras obriga\u00e7\u00f5es.<\/div>\n<div>&nbsp;<\/div>\n<h3>Para envio de comunicados<\/h3>\n<p>Ocasionalmente, podemos enviar-lhe comunicados e pesquisas de satisfa\u00e7\u00e3o como parte do nosso processo de feedback do cliente. \u00c9 do nosso leg\u00edtimo interesse obter tais opini\u00f5es para assegurar que os nossos servi\u00e7os\/produtos est\u00e3o sendo prestados no mais alto n\u00edvel.<\/p>\n<p><\/p>\n<p><\/p>\n<h2>Cookies<\/h2>\n<p><\/p>\n<p><\/p>\n<p><span style=\"font-size: 15px;\">Quando voc\u00ea acessa sua conta no site, podem ser criados cookies para salvar os dados da sua conta e suas escolhas de exibi\u00e7\u00e3o de tela. Cookies de login s\u00e3o mantidos por dois dias e cookies de op\u00e7\u00f5es de tela por um ano. Se voc\u00ea selecionar &#8220;Lembrar-me&#8221;, seu acesso ser\u00e1 mantido por duas semanas. Se voc\u00ea se desconectar da sua conta, os cookies de login ser\u00e3o removidos.<\/span><\/p>\n<p><\/p>\n<p><\/p>\n<p><span style=\"color: #1569ae; font-family: Roboto; font-size: 30px; font-weight: 600;\">Com quem partilhamos seus dados<\/span><\/p>\n<p><\/p>\n<p><\/p>\n<p>N\u00e3o compartilhamos dados dos usu\u00e1rios com ningu\u00e9m, exceto:<\/p>\n<ul>\n<li>para atendimento \u00e0 medida necess\u00e1ria dentro dos termos das leis, regras ou regula\u00e7\u00f5es aplic\u00e1veis;<\/li>\n<li>perante a exist\u00eancia de obriga\u00e7\u00e3o de divulga\u00e7\u00e3o;<\/li>\n<li>por leg\u00edtimo interesse que exija a divulga\u00e7\u00e3o; ou<\/li>\n<li>a pedido do cliente, mediante o seu consentimento.<\/li>\n<\/ul>\n<h2 class=\"wp-block-heading\"><span style=\"font-family: Roboto; font-size: 30px; font-weight: 600;\">Por quanto tempo mantemos os seus dados<\/span><\/h2>\n<p><\/p>\n<p><\/p>\n<p>suas informa\u00e7\u00f5es pessoais s\u00e3o mantidas durante o tempo necess\u00e1rio para cumprir com os fins para os quais as informa\u00e7\u00f5es s\u00e3o tratadas ou por outros motivos v\u00e1lidos para reter suas informa\u00e7\u00f5es pessoais, como por exemplo o cumprimento de obriga\u00e7\u00f5es legais.<\/p>\n<p><span style=\"font-size: 15px;\">Nesse contexto, mantemos apenas dados das transa\u00e7\u00f5es de compra arquivadas e recebidas da institui\u00e7\u00e3o financeira respons\u00e1vel pelo processamento dos pagamentos, por tempo indefinido.&nbsp;<\/span><\/p>\n<p><\/p>\n<p><\/p>\n<h2 class=\"wp-block-heading\">Quais os seus direitos sobre seus dados<\/h2>\n<p><\/p>\n<p><\/p>\n<p>Se voc\u00ea tiver uma conta neste site ou se tiver deixado coment\u00e1rios, pode solicitar que removamos qualquer dado pessoal que mantemos sobre voc\u00ea. Isto n\u00e3o inclui nenhuns dados que somos obrigados a manter para prop\u00f3sitos administrativos, legais ou de seguran\u00e7a.<\/p>\n<p><\/p>\n<p><\/p>\n<h2 class=\"wp-block-heading\">Para onde enviamos seus dados<\/h2>\n<p><\/p>\n<p><\/p>\n<p>N\u00e3o enviamos dados dos usu\u00e1rios para ningu\u00e9m.&nbsp;<\/p>\n<h2>Obtendo o seu Consentimento<\/h2>\n<p>Caso a finalidade da coleta para qualquer tratamento de dados pessoais necessite do seu consentimento, este ser\u00e1 fornecido por meio dos nossos Sites e Aplicativos.<br>Caso queira revogar o consentimento para que n\u00e3o fa\u00e7amos mais o envio de comunicados e e-mails de marketing, o mesmo poder\u00e1 ser realizado por meio da op\u00e7\u00e3o de cancelamento presente no rodap\u00e9 dos e-mails.<\/p>\n<h2>Como protegemos seus dados<\/h2>\n<p>Temos o compromisso de zelar e tratar as informa\u00e7\u00f5es de nossos clientes utilizando<br>medidas que visam garantir a prote\u00e7\u00e3o, a manuten\u00e7\u00e3o da privacidade, integridade, disponibilidade e confidencialidade dos dados pessoais tratados em nosso ambiente. Al\u00e9m de implementar medidas para prevenir, detectar e reduzir a vulnerabilidade a incidentes em nossos ambientes tecnol\u00f3gicos. Por exemplo, criptografamos ou utilizamos t\u00e9cnicas de anonimato (hash code) sobre informa\u00e7\u00f5es de senhas, de modo, que nenhuma \u00e9 armazenada em texto limpo.&nbsp;<\/p>\n<h2>Altera\u00e7\u00e3o de seus Dados Pessoais<\/h2>\n<p>Se desejar alterar seus dados pessoais, nos contate pelo e-mail: faleconosco@irpfbolsa.com.br.&nbsp;<\/p>\n<h2>Contatos<\/h2>\n<p>Encarregado Pelo Tratamento de Prote\u00e7\u00e3o de Dados: Possu\u00edmos um respons\u00e1vel pela prote\u00e7\u00e3o de dados o qual inspeciona quest\u00f5es relacionadas a esta Pol\u00edtica de Privacidade. Caso tenha alguma d\u00favida sobre como consultar seus dados e exercer seus direitos de titular, nos contate pelo e-mail: faleconosco@irpfbolsa.com.br.<\/p>\n<h2>Aviso Legal<\/h2>\n<p>N\u00e3o somos respons\u00e1veis pelo uso indevido ou perda dos dados pessoais a que n\u00e3o temos acesso ou controle. Ficamos tamb\u00e9m isentos de responsabilidade diante do uso ilegal e n\u00e3o autorizado dessa informa\u00e7\u00e3o como consequ\u00eancia de uso<br>indevido ou desvio das suas credenciais de acesso, conduta negligente ou maliciosa como consequ\u00eancia de atos ou omiss\u00f5es da sua parte ou de algu\u00e9m autorizado em seu nome.<\/p>\n<p><\/p>\n<p><\/p>\t\t\t\t\t\t\t\t<\/div>\n\t\t\t\t<\/div>\n\t\t\t\t<div class=\"elementor-element elementor-element-29f1116 elementor-widget elementor-widget-heading\" data-id=\"29f1116\" data-element_type=\"widget\" data-widget_type=\"heading.default\">\n\t\t\t\t<div class=\"elementor-widget-container\">\n\t\t\t\t\t<h2 class=\"elementor-heading-title elementor-size-default\">Sobre n\u00f3s<\/h2>\t\t\t\t<\/div>\n\t\t\t\t<\/div>\n\t\t\t\t\t<\/div>\n\t\t<\/div>\n\t\t\t\t\t<\/div>\n\t\t<\/section>\t\t<\/div>\n\t\t","protected":false},"excerpt":{"rendered":"<p>Quem somos IRPFbolsa &#8211; Gerenciamento de Carteiras e Imposto de Renda Sobra Opera\u00e7\u00f5es na Bolsa. Estamos no mercado h\u00e1 mais de uma d\u00e9cada com milhares de usu\u00e1rios satisfeitos. Nosso prop\u00f3sito \u00e9 ajudar os investidores brasileiros a gerenciar seus investimentos e recolher os devidos impostos legais sobre ganhos advindos de tais opera\u00e7\u00f5es.&nbsp; Nossa miss\u00e3o \u00e9 fornecer [&hellip;]<\/p>\n","protected":false},"author":2,"featured_media":0,"parent":0,"menu_order":0,"comment_status":"closed","ping_status":"open","template":"","meta":{"ocean_post_layout":"","ocean_both_sidebars_style":"","ocean_both_sidebars_content_width":0,"ocean_both_sidebars_sidebars_width":0,"ocean_sidebar":"0","ocean_second_sidebar":"0","ocean_disable_margins":"enable","ocean_add_body_class":"","ocean_shortcode_before_top_bar":"","ocean_shortcode_after_top_bar":"","ocean_shortcode_before_header":"","ocean_shortcode_after_header":"","ocean_has_shortcode":"","ocean_shortcode_after_title":"","ocean_shortcode_before_footer_widgets":"","ocean_shortcode_after_footer_widgets":"","ocean_shortcode_before_footer_bottom":"","ocean_shortcode_after_footer_bottom":"","ocean_display_top_bar":"default","ocean_display_header":"default","ocean_header_style":"","ocean_center_header_left_menu":"0","ocean_custom_header_template":"0","ocean_custom_logo":0,"ocean_custom_retina_logo":0,"ocean_custom_logo_max_width":0,"ocean_custom_logo_tablet_max_width":0,"ocean_custom_logo_mobile_max_width":0,"ocean_custom_logo_max_height":0,"ocean_custom_logo_tablet_max_height":0,"ocean_custom_logo_mobile_max_height":0,"ocean_header_custom_menu":"0","ocean_menu_typo_font_family":"0","ocean_menu_typo_font_subset":"","ocean_menu_typo_font_size":0,"ocean_menu_typo_font_size_tablet":0,"ocean_menu_typo_font_size_mobile":0,"ocean_menu_typo_font_size_unit":"px","ocean_menu_typo_font_weight":"","ocean_menu_typo_font_weight_tablet":"","ocean_menu_typo_font_weight_mobile":"","ocean_menu_typo_transform":"","ocean_menu_typo_transform_tablet":"","ocean_menu_typo_transform_mobile":"","ocean_menu_typo_line_height":0,"ocean_menu_typo_line_height_tablet":0,"ocean_menu_typo_line_height_mobile":0,"ocean_menu_typo_line_height_unit":"","ocean_menu_typo_spacing":0,"ocean_menu_typo_spacing_tablet":0,"ocean_menu_typo_spacing_mobile":0,"ocean_menu_typo_spacing_unit":"","ocean_menu_link_color":"","ocean_menu_link_color_hover":"","ocean_menu_link_color_active":"","ocean_menu_link_background":"","ocean_menu_link_hover_background":"","ocean_menu_link_active_background":"","ocean_menu_social_links_bg":"","ocean_menu_social_hover_links_bg":"","ocean_menu_social_links_color":"","ocean_menu_social_hover_links_color":"","ocean_disable_title":"default","ocean_disable_heading":"default","ocean_post_title":"","ocean_post_subheading":"","ocean_post_title_style":"","ocean_post_title_background_color":"","ocean_post_title_background":0,"ocean_post_title_bg_image_position":"","ocean_post_title_bg_image_attachment":"","ocean_post_title_bg_image_repeat":"","ocean_post_title_bg_image_size":"","ocean_post_title_height":0,"ocean_post_title_bg_overlay":0.5,"ocean_post_title_bg_overlay_color":"","ocean_disable_breadcrumbs":"default","ocean_breadcrumbs_color":"","ocean_breadcrumbs_separator_color":"","ocean_breadcrumbs_links_color":"","ocean_breadcrumbs_links_hover_color":"","ocean_display_footer_widgets":"default","ocean_display_footer_bottom":"default","ocean_custom_footer_template":"0","footnotes":""},"class_list":["post-3","page","type-page","status-publish","hentry","entry","owp-thumbs-layout-horizontal","owp-btn-normal","owp-tabs-layout-horizontal","has-no-thumbnails","has-product-nav"],"_links":{"self":[{"href":"https:\/\/www.irpfbolsa.com.br\/novo\/wp-json\/wp\/v2\/pages\/3","targetHints":{"allow":["GET"]}}],"collection":[{"href":"https:\/\/www.irpfbolsa.com.br\/novo\/wp-json\/wp\/v2\/pages"}],"about":[{"href":"https:\/\/www.irpfbolsa.com.br\/novo\/wp-json\/wp\/v2\/types\/page"}],"author":[{"embeddable":true,"href":"https:\/\/www.irpfbolsa.com.br\/novo\/wp-json\/wp\/v2\/users\/2"}],"replies":[{"embeddable":true,"href":"https:\/\/www.irpfbolsa.com.br\/novo\/wp-json\/wp\/v2\/comments?post=3"}],"version-history":[{"count":0,"href":"https:\/\/www.irpfbolsa.com.br\/novo\/wp-json\/wp\/v2\/pages\/3\/revisions"}],"wp:attachment":[{"href":"https:\/\/www.irpfbolsa.com.br\/novo\/wp-json\/wp\/v2\/media?parent=3"}],"curies":[{"name":"wp","href":"https:\/\/api.w.org\/{rel}","templated":true}]}}