{"id":10807,"date":"2023-03-15T17:28:08","date_gmt":"2023-03-15T20:28:08","guid":{"rendered":"https:\/\/www.irpfbolsa.com.br\/novo\/?page_id=10807"},"modified":"2023-03-21T18:08:58","modified_gmt":"2023-03-21T21:08:58","slug":"contratar-apuracao-high-frequency-trading","status":"publish","type":"page","link":"https:\/\/www.irpfbolsa.com.br\/novo\/contratar-apuracao-high-frequency-trading\/","title":{"rendered":"Contratar apura\u00e7\u00e3o grandes volumes"},"content":{"rendered":"\t\t<div data-elementor-type=\"wp-page\" data-elementor-id=\"10807\" class=\"elementor elementor-10807\" data-elementor-post-type=\"page\">\n\t\t\t\t\t\t<section class=\"elementor-section elementor-top-section elementor-element elementor-element-a48d6d2 elementor-section-boxed elementor-section-height-default elementor-section-height-default\" data-id=\"a48d6d2\" data-element_type=\"section\">\n\t\t\t\t\t\t<div class=\"elementor-container elementor-column-gap-default\">\n\t\t\t\t\t<div class=\"elementor-column elementor-col-100 elementor-top-column elementor-element elementor-element-ec4c260\" data-id=\"ec4c260\" data-element_type=\"column\">\n\t\t\t<div class=\"elementor-widget-wrap elementor-element-populated\">\n\t\t\t\t\t\t<div class=\"elementor-element elementor-element-41360de elementor-widget elementor-widget-heading\" data-id=\"41360de\" data-element_type=\"widget\" data-widget_type=\"heading.default\">\n\t\t\t\t<div class=\"elementor-widget-container\">\n\t\t\t\t\t<h2 class=\"elementor-heading-title elementor-size-medium\">Apura\u00e7\u00e3o de grandes volumes - High Frequency Trading (negocia\u00e7\u00e3o de alta frequ\u00eancia)<\/h2>\t\t\t\t<\/div>\n\t\t\t\t<\/div>\n\t\t\t\t<div class=\"elementor-element elementor-element-f68cf99 elementor-widget elementor-widget-text-editor\" data-id=\"f68cf99\" data-element_type=\"widget\" data-widget_type=\"text-editor.default\">\n\t\t\t\t<div class=\"elementor-widget-container\">\n\t\t\t\t\t\t\t\t\t<p>Para quem negocia em alta frequ\u00eancia (High Frequency Trading) gerando at\u00e9 centenas de milhares de opera\u00e7\u00f5es por m\u00eas, cujo processamento \u00e9 desafiador demandando processamento de alta performance.<\/p>\n<p>Deixe tudo com a gente! Fazemos todo o trabalho pra voc\u00ea.<\/p>\n<p>Temos estrutura computacional adequada \u00e0 sua demanda. Somos pioneiros na apura\u00e7\u00e3o de grandes volumes de negocia\u00e7\u00f5es que exigem alta capacidade computacional. Se voc\u00ea opera com rob\u00f4s, onde facilmente se atinge milhares de opera\u00e7\u00f5es di\u00e1rias, entre em contato. N\u00f3s podemos ajudar na sua apura\u00e7\u00e3o de resultados, imposto de renda, ganhos e perdas a compensar.<\/p>\t\t\t\t\t\t\t\t<\/div>\n\t\t\t\t<\/div>\n\t\t\t\t<div class=\"elementor-element elementor-element-da59d01 elementor-widget elementor-widget-text-editor\" data-id=\"da59d01\" data-element_type=\"widget\" data-widget_type=\"text-editor.default\">\n\t\t\t\t<div class=\"elementor-widget-container\">\n\t\t\t\t\t\t\t\t\t<p>Solicite or\u00e7amento pelo formul\u00e1rio abaixo.<\/p>\t\t\t\t\t\t\t\t<\/div>\n\t\t\t\t<\/div>\n\t\t\t\t\t<\/div>\n\t\t<\/div>\n\t\t\t\t\t<\/div>\n\t\t<\/section>\n\t\t\t\t<section class=\"elementor-section elementor-top-section elementor-element elementor-element-a2308d1 elementor-section-boxed elementor-section-height-default elementor-section-height-default\" data-id=\"a2308d1\" data-element_type=\"section\">\n\t\t\t\t\t\t<div class=\"elementor-container elementor-column-gap-default\">\n\t\t\t\t\t<div class=\"elementor-column elementor-col-100 elementor-top-column elementor-element elementor-element-f40f7f6\" data-id=\"f40f7f6\" data-element_type=\"column\">\n\t\t\t<div class=\"elementor-widget-wrap elementor-element-populated\">\n\t\t\t\t\t\t<div class=\"elementor-element elementor-element-3e5bb3e elementor-widget elementor-widget-wpforms\" data-id=\"3e5bb3e\" data-element_type=\"widget\" data-widget_type=\"wpforms.default\">\n\t\t\t\t<div class=\"elementor-widget-container\">\n\t\t\t\t\t<div class=\"wpforms-container wpforms-container-full\" id=\"wpforms-11596\"><form id=\"wpforms-form-11596\" class=\"wpforms-validate wpforms-form wpforms-ajax-form\" data-formid=\"11596\" method=\"post\" enctype=\"multipart\/form-data\" action=\"\/novo\/wp-json\/wp\/v2\/pages\/10807\" data-token=\"53d8bcb8c099ff4a2a274fafee3d23a2\" data-token-time=\"1776056999\"><noscript class=\"wpforms-error-noscript\">Ative o JavaScript no seu navegador para preencher este formul\u00e1rio.<\/noscript><div class=\"wpforms-field-container\"><div id=\"wpforms-11596-field_11-container\" class=\"wpforms-field wpforms-field-name\" data-field-id=\"11\"><label class=\"wpforms-field-label\">Nome <span class=\"wpforms-required-label\">*<\/span><\/label><div class=\"wpforms-field-row wpforms-field-medium\"><div class=\"wpforms-field-row-block wpforms-first wpforms-one-half\"><input type=\"text\" id=\"wpforms-11596-field_11\" class=\"wpforms-field-name-first wpforms-field-required\" name=\"wpforms[fields][11][first]\" required><label for=\"wpforms-11596-field_11\" class=\"wpforms-field-sublabel after\">Nome<\/label><\/div><div class=\"wpforms-field-row-block wpforms-one-half\"><input type=\"text\" id=\"wpforms-11596-field_11-last\" class=\"wpforms-field-name-last wpforms-field-required\" name=\"wpforms[fields][11][last]\" required><label for=\"wpforms-11596-field_11-last\" class=\"wpforms-field-sublabel after\">Sobrenome<\/label><\/div><\/div><\/div><div id=\"wpforms-11596-field_1-container\" class=\"wpforms-field wpforms-field-email\" data-field-id=\"1\"><label class=\"wpforms-field-label\" for=\"wpforms-11596-field_1\">Email <span class=\"wpforms-required-label\">*<\/span><\/label><input type=\"email\" id=\"wpforms-11596-field_1\" class=\"wpforms-field-medium wpforms-field-required\" name=\"wpforms[fields][1]\" spellcheck=\"false\" required><div class=\"wpforms-field-description\">Este email ser\u00e1 usado na resposta \u00e0 sua solicita\u00e7\u00e3o.<\/div><\/div><div id=\"wpforms-11596-field_7-container\" class=\"wpforms-field wpforms-field-radio\" data-field-id=\"7\"><label class=\"wpforms-field-label\">Quantidade de opera\u00e7\u00f5es mensais (pode ser uma aproxima\u00e7\u00e3o) <span class=\"wpforms-required-label\">*<\/span><\/label><ul id=\"wpforms-11596-field_7\" class=\"wpforms-field-required\"><li class=\"choice-1 depth-1\"><input type=\"radio\" id=\"wpforms-11596-field_7_1\" name=\"wpforms[fields][7]\" value=\"Entre 15 mil e 50 mil opera\u00e7\u00f5es mensais\" required ><label class=\"wpforms-field-label-inline\" for=\"wpforms-11596-field_7_1\">Entre 15 mil e 50 mil opera\u00e7\u00f5es mensais<\/label><\/li><li class=\"choice-2 depth-1\"><input type=\"radio\" id=\"wpforms-11596-field_7_2\" name=\"wpforms[fields][7]\" value=\"Entre 50 mil e 100 mil opera\u00e7\u00f5es mensais\" required ><label class=\"wpforms-field-label-inline\" for=\"wpforms-11596-field_7_2\">Entre 50 mil e 100 mil opera\u00e7\u00f5es mensais<\/label><\/li><li class=\"choice-3 depth-1\"><input type=\"radio\" id=\"wpforms-11596-field_7_3\" name=\"wpforms[fields][7]\" value=\"Acima de 100 mil opera\u00e7\u00f5es mensais\" required ><label class=\"wpforms-field-label-inline\" for=\"wpforms-11596-field_7_3\">Acima de 100 mil opera\u00e7\u00f5es mensais<\/label><\/li><\/ul><div class=\"wpforms-field-description\">O seu or\u00e7amento depende da quantidade de opera\u00e7\u00f5es que voc\u00ea realiza na bolsa mensalmente.<\/div><\/div><div id=\"wpforms-11596-field_10-container\" class=\"wpforms-field wpforms-field-radio\" data-field-id=\"10\"><label class=\"wpforms-field-label\">Tipos de neg\u00f3cio <span class=\"wpforms-required-label\">*<\/span><\/label><ul id=\"wpforms-11596-field_10\" class=\"wpforms-field-required\"><li class=\"choice-1 depth-1\"><input type=\"radio\" id=\"wpforms-11596-field_10_1\" name=\"wpforms[fields][10]\" value=\"S\u00f3 realizo opera\u00e7\u00f5es do tipo DAY TRADE\" required ><label class=\"wpforms-field-label-inline\" for=\"wpforms-11596-field_10_1\">S\u00f3 realizo opera\u00e7\u00f5es do tipo DAY TRADE<\/label><\/li><li class=\"choice-2 depth-1\"><input type=\"radio\" id=\"wpforms-11596-field_10_2\" name=\"wpforms[fields][10]\" value=\"S\u00f3 realizo opera\u00e7\u00f5es do tipo NORMAL\" required ><label class=\"wpforms-field-label-inline\" for=\"wpforms-11596-field_10_2\">S\u00f3 realizo opera\u00e7\u00f5es do tipo NORMAL<\/label><\/li><li class=\"choice-3 depth-1\"><input type=\"radio\" id=\"wpforms-11596-field_10_3\" name=\"wpforms[fields][10]\" value=\"Realizo opera\u00e7\u00f5es do tipo DAY TRADE E NORMAL\" required ><label class=\"wpforms-field-label-inline\" for=\"wpforms-11596-field_10_3\">Realizo opera\u00e7\u00f5es do tipo DAY TRADE E NORMAL<\/label><\/li><\/ul><\/div><div id=\"wpforms-11596-field_9-container\" class=\"wpforms-field wpforms-field-checkbox\" data-field-id=\"9\"><label class=\"wpforms-field-label\">Tipos de negocia\u00e7\u00e3o <span class=\"wpforms-required-label\">*<\/span><\/label><ul id=\"wpforms-11596-field_9\" class=\"wpforms-field-required\"><li class=\"choice-1 depth-1\"><input type=\"checkbox\" id=\"wpforms-11596-field_9_1\" name=\"wpforms[fields][9][]\" value=\"Mercado \u00e0 vista (compra e venda de a\u00e7\u00f5es)\" required ><label class=\"wpforms-field-label-inline\" for=\"wpforms-11596-field_9_1\">Mercado \u00e0 vista (compra e venda de a\u00e7\u00f5es)<\/label><\/li><li class=\"choice-2 depth-1\"><input type=\"checkbox\" id=\"wpforms-11596-field_9_2\" name=\"wpforms[fields][9][]\" value=\"Mercado de op\u00e7\u00f5es\" required ><label class=\"wpforms-field-label-inline\" for=\"wpforms-11596-field_9_2\">Mercado de op\u00e7\u00f5es<\/label><\/li><li class=\"choice-3 depth-1\"><input type=\"checkbox\" id=\"wpforms-11596-field_9_3\" name=\"wpforms[fields][9][]\" value=\"Mercado a termo\" required ><label class=\"wpforms-field-label-inline\" for=\"wpforms-11596-field_9_3\">Mercado a termo<\/label><\/li><li class=\"choice-4 depth-1\"><input type=\"checkbox\" id=\"wpforms-11596-field_9_4\" name=\"wpforms[fields][9][]\" value=\"Mercado futuro\" required ><label class=\"wpforms-field-label-inline\" for=\"wpforms-11596-field_9_4\">Mercado futuro<\/label><\/li><\/ul><\/div><div id=\"wpforms-11596-field_12-container\" class=\"wpforms-field wpforms-field-radio\" data-field-id=\"12\"><label class=\"wpforms-field-label\">Per\u00edodo que deseja apurar <span class=\"wpforms-required-label\">*<\/span><\/label><ul id=\"wpforms-11596-field_12\" class=\"wpforms-field-required\"><li class=\"choice-1 depth-1\"><input type=\"radio\" id=\"wpforms-11596-field_12_1\" name=\"wpforms[fields][12]\" value=\"At\u00e9 um ano\" required ><label class=\"wpforms-field-label-inline\" for=\"wpforms-11596-field_12_1\">At\u00e9 um ano<\/label><\/li><li class=\"choice-2 depth-1\"><input type=\"radio\" id=\"wpforms-11596-field_12_2\" name=\"wpforms[fields][12]\" value=\"Mais de um ano\" required ><label class=\"wpforms-field-label-inline\" for=\"wpforms-11596-field_12_2\">Mais de um ano<\/label><\/li><\/ul><\/div><div id=\"wpforms-11596-field_2-container\" class=\"wpforms-field wpforms-field-textarea\" data-field-id=\"2\"><label class=\"wpforms-field-label\" for=\"wpforms-11596-field_2\">Coment\u00e1rios<\/label><textarea id=\"wpforms-11596-field_2\" class=\"wpforms-field-medium wpforms-limit-characters-enabled\" data-form-id=\"11596\" data-field-id=\"2\" data-text-limit=\"1000\" name=\"wpforms[fields][2]\" maxlength=\"1000\" ><\/textarea><\/div><\/div><!-- .wpforms-field-container --><div class=\"wpforms-submit-container\" ><input type=\"hidden\" name=\"wpforms[id]\" value=\"11596\"><input type=\"hidden\" name=\"page_title\" value=\"\"><input type=\"hidden\" name=\"page_url\" value=\"https:\/\/www.irpfbolsa.com.br\/novo\/wp-json\/wp\/v2\/pages\/10807\"><input type=\"hidden\" name=\"url_referer\" value=\"\"><button type=\"submit\" name=\"wpforms[submit]\" id=\"wpforms-submit-11596\" class=\"wpforms-submit\" data-alt-text=\"Enviando...\" data-submit-text=\"Enviar\" aria-live=\"assertive\" value=\"wpforms-submit\">Enviar<\/button><img decoding=\"async\" src=\"https:\/\/www.irpfbolsa.com.br\/novo\/wp-content\/plugins\/wpforms-lite\/assets\/images\/submit-spin.svg\" class=\"wpforms-submit-spinner\" style=\"display: none;\" width=\"26\" height=\"26\" alt=\"Carregando\"><\/div><\/form><\/div>  <!-- .wpforms-container -->\t\t\t\t<\/div>\n\t\t\t\t<\/div>\n\t\t\t\t\t<\/div>\n\t\t<\/div>\n\t\t\t\t\t<\/div>\n\t\t<\/section>\n\t\t\t\t<\/div>\n\t\t","protected":false},"excerpt":{"rendered":"<p>Apura\u00e7\u00e3o de grandes volumes &#8211; High Frequency Trading (negocia\u00e7\u00e3o de alta frequ\u00eancia) Para quem negocia em alta frequ\u00eancia (High Frequency Trading) gerando at\u00e9 centenas de milhares de opera\u00e7\u00f5es por m\u00eas, cujo processamento \u00e9 desafiador demandando processamento de alta performance. Deixe tudo com a gente! Fazemos todo o trabalho pra voc\u00ea. Temos estrutura computacional adequada \u00e0 [&hellip;]<\/p>\n","protected":false},"author":2,"featured_media":0,"parent":0,"menu_order":0,"comment_status":"closed","ping_status":"closed","template":"","meta":{"ocean_post_layout":"","ocean_both_sidebars_style":"","ocean_both_sidebars_content_width":0,"ocean_both_sidebars_sidebars_width":0,"ocean_sidebar":"0","ocean_second_sidebar":"0","ocean_disable_margins":"enable","ocean_add_body_class":"","ocean_shortcode_before_top_bar":"","ocean_shortcode_after_top_bar":"","ocean_shortcode_before_header":"","ocean_shortcode_after_header":"","ocean_has_shortcode":"","ocean_shortcode_after_title":"","ocean_shortcode_before_footer_widgets":"","ocean_shortcode_after_footer_widgets":"","ocean_shortcode_before_footer_bottom":"","ocean_shortcode_after_footer_bottom":"","ocean_display_top_bar":"default","ocean_display_header":"default","ocean_header_style":"","ocean_center_header_left_menu":"0","ocean_custom_header_template":"0","ocean_custom_logo":0,"ocean_custom_retina_logo":0,"ocean_custom_logo_max_width":0,"ocean_custom_logo_tablet_max_width":0,"ocean_custom_logo_mobile_max_width":0,"ocean_custom_logo_max_height":0,"ocean_custom_logo_tablet_max_height":0,"ocean_custom_logo_mobile_max_height":0,"ocean_header_custom_menu":"0","ocean_menu_typo_font_family":"0","ocean_menu_typo_font_subset":"","ocean_menu_typo_font_size":0,"ocean_menu_typo_font_size_tablet":0,"ocean_menu_typo_font_size_mobile":0,"ocean_menu_typo_font_size_unit":"px","ocean_menu_typo_font_weight":"","ocean_menu_typo_font_weight_tablet":"","ocean_menu_typo_font_weight_mobile":"","ocean_menu_typo_transform":"","ocean_menu_typo_transform_tablet":"","ocean_menu_typo_transform_mobile":"","ocean_menu_typo_line_height":0,"ocean_menu_typo_line_height_tablet":0,"ocean_menu_typo_line_height_mobile":0,"ocean_menu_typo_line_height_unit":"","ocean_menu_typo_spacing":0,"ocean_menu_typo_spacing_tablet":0,"ocean_menu_typo_spacing_mobile":0,"ocean_menu_typo_spacing_unit":"","ocean_menu_link_color":"","ocean_menu_link_color_hover":"","ocean_menu_link_color_active":"","ocean_menu_link_background":"","ocean_menu_link_hover_background":"","ocean_menu_link_active_background":"","ocean_menu_social_links_bg":"","ocean_menu_social_hover_links_bg":"","ocean_menu_social_links_color":"","ocean_menu_social_hover_links_color":"","ocean_disable_title":"default","ocean_disable_heading":"default","ocean_post_title":"","ocean_post_subheading":"","ocean_post_title_style":"","ocean_post_title_background_color":"","ocean_post_title_background":0,"ocean_post_title_bg_image_position":"","ocean_post_title_bg_image_attachment":"","ocean_post_title_bg_image_repeat":"","ocean_post_title_bg_image_size":"","ocean_post_title_height":0,"ocean_post_title_bg_overlay":0.5,"ocean_post_title_bg_overlay_color":"","ocean_disable_breadcrumbs":"default","ocean_breadcrumbs_color":"","ocean_breadcrumbs_separator_color":"","ocean_breadcrumbs_links_color":"","ocean_breadcrumbs_links_hover_color":"","ocean_display_footer_widgets":"default","ocean_display_footer_bottom":"default","ocean_custom_footer_template":"0","footnotes":""},"class_list":["post-10807","page","type-page","status-publish","hentry","entry","owp-thumbs-layout-horizontal","owp-btn-normal","owp-tabs-layout-horizontal","has-no-thumbnails","has-product-nav"],"_links":{"self":[{"href":"https:\/\/www.irpfbolsa.com.br\/novo\/wp-json\/wp\/v2\/pages\/10807","targetHints":{"allow":["GET"]}}],"collection":[{"href":"https:\/\/www.irpfbolsa.com.br\/novo\/wp-json\/wp\/v2\/pages"}],"about":[{"href":"https:\/\/www.irpfbolsa.com.br\/novo\/wp-json\/wp\/v2\/types\/page"}],"author":[{"embeddable":true,"href":"https:\/\/www.irpfbolsa.com.br\/novo\/wp-json\/wp\/v2\/users\/2"}],"replies":[{"embeddable":true,"href":"https:\/\/www.irpfbolsa.com.br\/novo\/wp-json\/wp\/v2\/comments?post=10807"}],"version-history":[{"count":0,"href":"https:\/\/www.irpfbolsa.com.br\/novo\/wp-json\/wp\/v2\/pages\/10807\/revisions"}],"wp:attachment":[{"href":"https:\/\/www.irpfbolsa.com.br\/novo\/wp-json\/wp\/v2\/media?parent=10807"}],"curies":[{"name":"wp","href":"https:\/\/api.w.org\/{rel}","templated":true}]}}